{"id":674,"date":"2022-02-28T13:22:02","date_gmt":"2022-02-28T16:22:02","guid":{"rendered":"https:\/\/bloomexperiences.ca\/politique-de-confidentialite\/"},"modified":"2022-02-28T13:38:07","modified_gmt":"2022-02-28T16:38:07","slug":"privacy-policy","status":"publish","type":"page","link":"https:\/\/bloomexperiences.ca\/en\/privacy-policy\/","title":{"rendered":"Privacy policy"},"content":{"rendered":"[vc_row type=&#8221;in_container&#8221; full_screen_row_position=&#8221;middle&#8221; column_margin=&#8221;default&#8221; column_direction=&#8221;default&#8221; column_direction_tablet=&#8221;default&#8221; column_direction_phone=&#8221;default&#8221; scene_position=&#8221;center&#8221; top_padding=&#8221;60&#8243; bottom_padding=&#8221;60&#8243; text_color=&#8221;dark&#8221; text_align=&#8221;left&#8221; row_border_radius=&#8221;none&#8221; row_border_radius_applies=&#8221;bg&#8221; overlay_strength=&#8221;0.3&#8243; gradient_direction=&#8221;left_to_right&#8221; shape_divider_position=&#8221;bottom&#8221; bg_image_animation=&#8221;none&#8221; shape_type=&#8221;&#8221;][vc_column column_padding=&#8221;no-extra-padding&#8221; column_padding_tablet=&#8221;inherit&#8221; column_padding_phone=&#8221;inherit&#8221; column_padding_position=&#8221;all&#8221; column_element_spacing=&#8221;default&#8221; background_color_opacity=&#8221;1&#8243; background_hover_color_opacity=&#8221;1&#8243; column_shadow=&#8221;none&#8221; column_border_radius=&#8221;none&#8221; column_link_target=&#8221;_self&#8221; gradient_direction=&#8221;left_to_right&#8221; overlay_strength=&#8221;0.3&#8243; width=&#8221;1\/1&#8243; tablet_width_inherit=&#8221;default&#8221; tablet_text_alignment=&#8221;default&#8221; phone_text_alignment=&#8221;default&#8221; bg_image_animation=&#8221;none&#8221; border_type=&#8221;simple&#8221; column_border_width=&#8221;none&#8221; column_border_style=&#8221;solid&#8221;][vc_column_text]\n<p class=\"p1\"><b>Introduction<\/b><br \/>\nLe site Web bloomexperiences.ca est la propri\u00e9t\u00e9 exclusive de Audrey Ann B. Meloche. La protection de votre vie priv\u00e9e est importante pour nous. C&#8217;est pourquoi nous nous engageons \u00e0 respecter la confidentialit\u00e9 des renseignements personnels que nous collectons.<\/p>\n<p class=\"p1\">Ce site est accessible \u00e0 toute personne, \u00e0 l\u2019exception de la section \u00e0 Yoga virtuel o\u00f9 toute personne doit pr\u00e9alablement \u00eatre inscrite par le biais de son employeur ou son organisation. En l\u2019utilisant ou en l\u2019explorant, vous acceptez de vous conformer aux pr\u00e9sentes conditions.<\/p>\n<p class=\"p1\">Bloom Exp\u00e9riences se r\u00e9serve la discr\u00e9tion de modifier celles-ci et de retrancher, modifier ou mettre \u00e0 jour tout ou partie du contenu du site.<\/p>\n<p class=\"p2\">\n<p class=\"p1\"><b>Collecte des renseignements personnels<\/b><\/p>\n<p class=\"p1\">Bloom Exp\u00e9riences utilise les renseignements personnels que vous lui transmettez uniquement pour les fins pour lesquelles ils ont \u00e9t\u00e9 recueillis.<b> <\/b>Nous recueillons des renseignements personnels directement aupr\u00e8s de vous lorsque vous achetez nos services, lorsque vous vous inscrivez \u00e0 des activit\u00e9s ou lorsque vous interagissez avec nous.<\/p>\n<p class=\"p1\">Les renseignements personnels que nous collectons sont recueillis par le biais de formulaires et gr\u00e2ce \u00e0 l&#8217;interactivit\u00e9 \u00e9tablie entre vous et notre site Web. Nous utilisons \u00e9galement, comme mentionn\u00e9 dans la section suivante, des fichiers t\u00e9moins pour collecter des informations vous concernant.<\/p>\n<p class=\"p1\">Conform\u00e9ment aux lois applicables en mati\u00e8re de protection des renseignements personnels, Bloom Exp\u00e9riences s\u2019engage \u00e0 sauvegarder le caract\u00e8re confidentiel de tout renseignement transmis par les utilisateurs du site et \u00e0 ne pas dresser, \u00e0 des fins de prospection, la liste de ces utilisateurs.<\/p>\n<p class=\"p1\">Bloom Exp\u00e9riences interdit \u00e0 ses employ\u00e9s, fournisseurs, mandataires, partenaires, ainsi qu\u2019\u00e0 toute personne avec laquelle il entretient des relations d\u2019affaires, de d\u00e9ployer ou d\u2019utiliser tout logiciel espion dans le cadre de l\u2019exploitation du site.<\/p>\n<p class=\"p1\">Les photos et les vid\u00e9os mises en ligne sur le site ont fait l\u2019objet d\u2019un accord tacite ou explicite avant publication.<\/p>\n<p class=\"p2\">\n<p class=\"p1\"><b>Formulaires et interactivit\u00e9:<\/b><\/p>\n<p class=\"p1\">Vos renseignements personnels sont collect\u00e9s par le biais de formulaires, \u00e0 savoir :<\/p>\n<ul class=\"ul1\">\n<li class=\"li1\">Formulaire d&#8217;inscription \u00e0 notre Infolettre<\/li>\n<li class=\"li1\">Formulaire de commande de la Boutique en ligne<\/li>\n<li class=\"li1\">Formulaire d\u2019inscription \u00e0 nos sessions de Yoga<\/li>\n<\/ul>\n<p class=\"p1\">Nous utilisons les renseignements ainsi collect\u00e9s pour les finalit\u00e9s suivantes :<\/p>\n<ul class=\"ul1\">\n<li class=\"li1\">Suivi de commande<\/li>\n<li class=\"li1\">Informations \/ Offres promotionnelles<\/li>\n<li class=\"li1\">Transmission occasionnelle d\u2019une Infolettre<\/li>\n<li class=\"li1\">Contact us<\/li>\n<\/ul>\n<p class=\"p2\">\n<p class=\"p1\"><b>Fichiers t\u00e9moins (cookie)<\/b><\/p>\n<p class=\"p1\">Lorsqu\u2019un utilisateur acc\u00e8de au site ou aux services de Bloom Exp\u00e9riences, un fichier t\u00e9moin (cookie) est automatiquement cr\u00e9\u00e9 pour la dur\u00e9e de la session d\u2019utilisation. Il s\u2019agit d\u2019un petit fichier texte sauvegard\u00e9 sur le disque dur de l\u2019ordinateur de l\u2019utilisateur, qui permet simplement de rappeler les pr\u00e9f\u00e9rences de celui-ci et de rendre sa prochaine visite sur le site plus efficace en lui offrant une exp\u00e9rience en ligne qui corresponde mieux \u00e0 son profil, tout en pr\u00e9servant son anonymat. Ce fichier t\u00e9moin est compl\u00e8tement inoffensif et ne peut contenir de virus.<\/p>\n<p class=\"p1\">L\u2019utilisation des fichiers t\u00e9moins est pratique courante et plusieurs sites les utilisent pour mieux servir leur client\u00e8le. Les informations collig\u00e9es ne peuvent \u00eatre utilis\u00e9es qu\u2019aux seules fins de rendre les services demand\u00e9s ou pour am\u00e9liorer la navigation sur les sites et les services Web. Les statistiques qui sont extraites, comme le nombre de visites sur le site, le chemin parcouru et la dur\u00e9e de la visite restent anonymes et en aucun cas ces fichiers t\u00e9moins ne permettent d\u2019identifier l\u2019utilisateur.<\/p>\n<p class=\"p1\">La majorit\u00e9 des fureteurs sont con\u00e7us pour accepter les fichiers t\u00e9moins, mais l\u2019utilisateur peut en modifier les param\u00e8tres en vue de les refuser.<\/p>\n<p class=\"p1\">Bloom Exp\u00e9riences utilise \u00e9galement la fonctionnalit\u00e9 \u00ab Rapports Google Analytics \u00bb pour recueillir des donn\u00e9es de nature d\u00e9mographique relatives aux int\u00e9r\u00eats des utilisateurs du site. Ces donn\u00e9es, strictement d\u00e9personnalis\u00e9es et anonymes, permettent de mieux adapter le contenu du site \u00e0 ses utilisateurs et elles ne sont en aucun cas li\u00e9es \u00e0 des renseignements (nom, adresse, courriel, num\u00e9ro de t\u00e9l\u00e9phone, etc.) qui permettraient d\u2019identifier un utilisateur.<\/p>\n<p class=\"p2\">\n<p class=\"p1\"><b>Limitation de responsabilit\u00e9<\/b><\/p>\n<p class=\"p1\">Le contenu de ce site ainsi que le contenu d\u2019autres sites accessibles gr\u00e2ce aux hyperliens qui s\u2019y trouvent, sont diffus\u00e9s \u00e0 des fins strictement informatives. Les textes, renseignements et informations diffus\u00e9s sur le site ou par hyperliens sont offerts \u00ab tels quels \u00bb en date de leur mise en ligne et n\u2019engagent que la responsabilit\u00e9 de leurs auteurs.<\/p>\n<p class=\"p1\">Bloom Exp\u00e9riences autorise les hyperliens vers son site, mais il ne peut se voir imputer la responsabilit\u00e9 d\u2019une quelconque violation, par le site tiers, \u00e0 une loi, un r\u00e8glement, un code d\u2019\u00e9thique ou une norme morale.<\/p>\n<p class=\"p2\">\n<p class=\"p1\"><b>S\u00e9curit\u00e9<\/b><\/p>\n<p class=\"p1\">Les renseignements personnels que nous collectons sont conserv\u00e9s dans un environnement s\u00e9curis\u00e9. Les personnes travaillant pour nous sont tenues de respecter la confidentialit\u00e9 de vos informations.<\/p>\n<p class=\"p1\">Pour assurer la s\u00e9curit\u00e9 de vos renseignements personnels, nous avons recours aux mesures suivantes :<\/p>\n<ul class=\"ul1\">\n<li class=\"li1\">Protocole SSL (Secure Sockets Layer)<\/li>\n<li class=\"li1\">Gestion des acc\u00e8s aux personnes d\u00fbment identifi\u00e9es<\/li>\n<li class=\"li1\">Identifiant \/ mot de passe<\/li>\n<li class=\"li1\">Pare-feu (Firewalls)<\/li>\n<\/ul>\n<p class=\"p1\">Nous nous engageons \u00e0 maintenir un haut degr\u00e9 de confidentialit\u00e9 en int\u00e9grant les derni\u00e8res innovations technologiques permettant d&#8217;assurer la confidentialit\u00e9 de vos transactions. Toutefois, comme aucun m\u00e9canisme n&#8217;offre une s\u00e9curit\u00e9 maximale, une part de risque est toujours pr\u00e9sente lorsque l&#8217;on utilise Internet pour transmettre des renseignements personnels.<\/p>\n<p class=\"p1\">Bloom Exp\u00e9riences ne peut \u00eatre tenu responsable de la transmission \u00e9ventuelle de virus informatiques ou d\u2019autres logiciels malveillants, susceptible de survenir malgr\u00e9 les mesures de protection informatique mises en place. L\u2019utilisateur assume tout risque inh\u00e9rent \u00e0 l\u2019utilisation du site, au t\u00e9l\u00e9chargement de documents et d\u2019images provenant de celui-ci ou \u00e0 l\u2019utilisation des hyperliens propos\u00e9s.<\/p>\n<p class=\"p2\">\n<p class=\"p1\"><b>Lois applicables<\/b><\/p>\n<p class=\"p1\">La pr\u00e9sente entente sur les conditions d\u2019utilisation est r\u00e9gie par les lois qu\u00e9b\u00e9coises. Tout litige y aff\u00e9rent serait port\u00e9 devant le tribunal du district judiciaire de la Gasp\u00e9sie \/ Iles-de-la-Madeleine<\/p>\n<p class=\"p2\">\n<p class=\"p1\"><b>Plainte relative \u00e0 la mise en \u0153uvre de la pr\u00e9sente politique<\/b><\/p>\n<p class=\"p1\">Toute demande ou question relative \u00e0 la mise en \u0153uvre de la pr\u00e9sente politique peut \u00eatre adress\u00e9e \u00e0 Bloom Exp\u00e9riences aux coordonn\u00e9es suivantes :<\/p>\n<p class=\"p3\"><span class=\"s2\">Par courriel : <a href=\"mailto:info@bloomexperiences.ca\"><span class=\"s3\">info@bloomexperiences.ca<\/span><\/a><br \/>\n<\/span>Par t\u00e9l\u00e9phone : 438 888-9639<\/p>\n<p class=\"p1\">Juin 2021<\/p>\n[\/vc_column_text][\/vc_column][\/vc_row]\n","protected":false},"excerpt":{"rendered":"<p>[vc_row type=&#8221;in_container&#8221; full_screen_row_position=&#8221;middle&#8221; column_margin=&#8221;default&#8221; column_direction=&#8221;default&#8221; column_direction_tablet=&#8221;default&#8221; column_direction_phone=&#8221;default&#8221; scene_position=&#8221;center&#8221; top_padding=&#8221;60&#8243; bottom_padding=&#8221;60&#8243; text_color=&#8221;dark&#8221; text_align=&#8221;left&#8221; row_border_radius=&#8221;none&#8221; row_border_radius_applies=&#8221;bg&#8221; overlay_strength=&#8221;0.3&#8243; gradient_direction=&#8221;left_to_right&#8221; shape_divider_position=&#8221;bottom&#8221; bg_image_animation=&#8221;none&#8221; shape_type=&#8221;&#8221;][vc_column column_padding=&#8221;no-extra-padding&#8221; column_padding_tablet=&#8221;inherit&#8221; column_padding_phone=&#8221;inherit&#8221; column_padding_position=&#8221;all&#8221; column_element_spacing=&#8221;default&#8221; background_color_opacity=&#8221;1&#8243; background_hover_color_opacity=&#8221;1&#8243; column_shadow=&#8221;none&#8221; column_border_radius=&#8221;none&#8221; column_link_target=&#8221;_self&#8221; gradient_direction=&#8221;left_to_right&#8221;&#8230;<\/p>\n","protected":false},"author":2,"featured_media":0,"parent":0,"menu_order":0,"comment_status":"closed","ping_status":"closed","template":"","meta":{"footnotes":""},"class_list":["post-674","page","type-page","status-publish"],"yoast_head":"<!-- This site is optimized with the Yoast SEO plugin v27.5 - https:\/\/yoast.com\/product\/yoast-seo-wordpress\/ -->\n<title>Privacy policy | Bloom Exp\u00e9riences<\/title>\n<meta name=\"robots\" content=\"index, follow, max-snippet:-1, max-image-preview:large, max-video-preview:-1\" \/>\n<link rel=\"canonical\" href=\"https:\/\/bloomexperiences.ca\/en\/privacy-policy\/\" \/>\n<meta property=\"og:locale\" content=\"en_US\" \/>\n<meta property=\"og:type\" content=\"article\" \/>\n<meta property=\"og:title\" content=\"Privacy policy | Bloom Exp\u00e9riences\" \/>\n<meta property=\"og:description\" content=\"[vc_row type=&#8221;in_container&#8221; full_screen_row_position=&#8221;middle&#8221; column_margin=&#8221;default&#8221; column_direction=&#8221;default&#8221; column_direction_tablet=&#8221;default&#8221; column_direction_phone=&#8221;default&#8221; scene_position=&#8221;center&#8221; top_padding=&#8221;60&#8243; bottom_padding=&#8221;60&#8243; text_color=&#8221;dark&#8221; text_align=&#8221;left&#8221; row_border_radius=&#8221;none&#8221; row_border_radius_applies=&#8221;bg&#8221; overlay_strength=&#8221;0.3&#8243; gradient_direction=&#8221;left_to_right&#8221; shape_divider_position=&#8221;bottom&#8221; bg_image_animation=&#8221;none&#8221; shape_type=&#8221;&#8221;][vc_column column_padding=&#8221;no-extra-padding&#8221; column_padding_tablet=&#8221;inherit&#8221; column_padding_phone=&#8221;inherit&#8221; column_padding_position=&#8221;all&#8221; column_element_spacing=&#8221;default&#8221; background_color_opacity=&#8221;1&#8243; background_hover_color_opacity=&#8221;1&#8243; column_shadow=&#8221;none&#8221; column_border_radius=&#8221;none&#8221; column_link_target=&#8221;_self&#8221; gradient_direction=&#8221;left_to_right&#8221;...\" \/>\n<meta property=\"og:url\" content=\"https:\/\/bloomexperiences.ca\/en\/privacy-policy\/\" \/>\n<meta property=\"og:site_name\" content=\"Bloom Exp\u00e9riences\" \/>\n<meta property=\"article:publisher\" content=\"https:\/\/www.facebook.com\/bloomexperiences\" \/>\n<meta property=\"article:modified_time\" content=\"2022-02-28T16:38:07+00:00\" \/>\n<meta name=\"twitter:card\" content=\"summary_large_image\" \/>\n<meta name=\"twitter:label1\" content=\"Est. reading time\" \/>\n\t<meta name=\"twitter:data1\" content=\"6 minutes\" \/>\n<script type=\"application\/ld+json\" class=\"yoast-schema-graph\">{\"@context\":\"https:\\\/\\\/schema.org\",\"@graph\":[{\"@type\":\"WebPage\",\"@id\":\"https:\\\/\\\/bloomexperiences.ca\\\/en\\\/privacy-policy\\\/\",\"url\":\"https:\\\/\\\/bloomexperiences.ca\\\/en\\\/privacy-policy\\\/\",\"name\":\"Privacy policy | Bloom Exp\u00e9riences\",\"isPartOf\":{\"@id\":\"https:\\\/\\\/bloomexperiences.ca\\\/en\\\/#website\"},\"datePublished\":\"2022-02-28T16:22:02+00:00\",\"dateModified\":\"2022-02-28T16:38:07+00:00\",\"breadcrumb\":{\"@id\":\"https:\\\/\\\/bloomexperiences.ca\\\/en\\\/privacy-policy\\\/#breadcrumb\"},\"inLanguage\":\"en-US\",\"potentialAction\":[{\"@type\":\"ReadAction\",\"target\":[\"https:\\\/\\\/bloomexperiences.ca\\\/en\\\/privacy-policy\\\/\"]}]},{\"@type\":\"BreadcrumbList\",\"@id\":\"https:\\\/\\\/bloomexperiences.ca\\\/en\\\/privacy-policy\\\/#breadcrumb\",\"itemListElement\":[{\"@type\":\"ListItem\",\"position\":1,\"name\":\"Accueil\",\"item\":\"https:\\\/\\\/bloomexperiences.ca\\\/en\\\/\"},{\"@type\":\"ListItem\",\"position\":2,\"name\":\"Privacy policy\"}]},{\"@type\":\"WebSite\",\"@id\":\"https:\\\/\\\/bloomexperiences.ca\\\/en\\\/#website\",\"url\":\"https:\\\/\\\/bloomexperiences.ca\\\/en\\\/\",\"name\":\"Bloom Exp\u00e9riences\",\"description\":\"\",\"publisher\":{\"@id\":\"https:\\\/\\\/bloomexperiences.ca\\\/en\\\/#organization\"},\"potentialAction\":[{\"@type\":\"SearchAction\",\"target\":{\"@type\":\"EntryPoint\",\"urlTemplate\":\"https:\\\/\\\/bloomexperiences.ca\\\/en\\\/?s={search_term_string}\"},\"query-input\":{\"@type\":\"PropertyValueSpecification\",\"valueRequired\":true,\"valueName\":\"search_term_string\"}}],\"inLanguage\":\"en-US\"},{\"@type\":\"Organization\",\"@id\":\"https:\\\/\\\/bloomexperiences.ca\\\/en\\\/#organization\",\"name\":\"Bloom Experiences\",\"url\":\"https:\\\/\\\/bloomexperiences.ca\\\/en\\\/\",\"logo\":{\"@type\":\"ImageObject\",\"inLanguage\":\"en-US\",\"@id\":\"https:\\\/\\\/bloomexperiences.ca\\\/en\\\/#\\\/schema\\\/logo\\\/image\\\/\",\"url\":\"https:\\\/\\\/bloomexperiences.ca\\\/wp-content\\\/uploads\\\/2021\\\/06\\\/logo-bloom-experiences-massage-yoga-retraire-virtuel-noir.png\",\"contentUrl\":\"https:\\\/\\\/bloomexperiences.ca\\\/wp-content\\\/uploads\\\/2021\\\/06\\\/logo-bloom-experiences-massage-yoga-retraire-virtuel-noir.png\",\"width\":351,\"height\":144,\"caption\":\"Bloom Experiences\"},\"image\":{\"@id\":\"https:\\\/\\\/bloomexperiences.ca\\\/en\\\/#\\\/schema\\\/logo\\\/image\\\/\"},\"sameAs\":[\"https:\\\/\\\/www.facebook.com\\\/bloomexperiences\",\"https:\\\/\\\/www.instagram.com\\\/bloomexperiencesiles\\\/\"]}]}<\/script>\n<!-- \/ Yoast SEO plugin. -->","yoast_head_json":{"title":"Privacy policy | Bloom Exp\u00e9riences","robots":{"index":"index","follow":"follow","max-snippet":"max-snippet:-1","max-image-preview":"max-image-preview:large","max-video-preview":"max-video-preview:-1"},"canonical":"https:\/\/bloomexperiences.ca\/en\/privacy-policy\/","og_locale":"en_US","og_type":"article","og_title":"Privacy policy | Bloom Exp\u00e9riences","og_description":"[vc_row type=&#8221;in_container&#8221; full_screen_row_position=&#8221;middle&#8221; column_margin=&#8221;default&#8221; column_direction=&#8221;default&#8221; column_direction_tablet=&#8221;default&#8221; column_direction_phone=&#8221;default&#8221; scene_position=&#8221;center&#8221; top_padding=&#8221;60&#8243; bottom_padding=&#8221;60&#8243; text_color=&#8221;dark&#8221; text_align=&#8221;left&#8221; row_border_radius=&#8221;none&#8221; row_border_radius_applies=&#8221;bg&#8221; overlay_strength=&#8221;0.3&#8243; gradient_direction=&#8221;left_to_right&#8221; shape_divider_position=&#8221;bottom&#8221; bg_image_animation=&#8221;none&#8221; shape_type=&#8221;&#8221;][vc_column column_padding=&#8221;no-extra-padding&#8221; column_padding_tablet=&#8221;inherit&#8221; column_padding_phone=&#8221;inherit&#8221; column_padding_position=&#8221;all&#8221; column_element_spacing=&#8221;default&#8221; background_color_opacity=&#8221;1&#8243; background_hover_color_opacity=&#8221;1&#8243; column_shadow=&#8221;none&#8221; column_border_radius=&#8221;none&#8221; column_link_target=&#8221;_self&#8221; gradient_direction=&#8221;left_to_right&#8221;...","og_url":"https:\/\/bloomexperiences.ca\/en\/privacy-policy\/","og_site_name":"Bloom Exp\u00e9riences","article_publisher":"https:\/\/www.facebook.com\/bloomexperiences","article_modified_time":"2022-02-28T16:38:07+00:00","twitter_card":"summary_large_image","twitter_misc":{"Est. reading time":"6 minutes"},"schema":{"@context":"https:\/\/schema.org","@graph":[{"@type":"WebPage","@id":"https:\/\/bloomexperiences.ca\/en\/privacy-policy\/","url":"https:\/\/bloomexperiences.ca\/en\/privacy-policy\/","name":"Privacy policy | Bloom Exp\u00e9riences","isPartOf":{"@id":"https:\/\/bloomexperiences.ca\/en\/#website"},"datePublished":"2022-02-28T16:22:02+00:00","dateModified":"2022-02-28T16:38:07+00:00","breadcrumb":{"@id":"https:\/\/bloomexperiences.ca\/en\/privacy-policy\/#breadcrumb"},"inLanguage":"en-US","potentialAction":[{"@type":"ReadAction","target":["https:\/\/bloomexperiences.ca\/en\/privacy-policy\/"]}]},{"@type":"BreadcrumbList","@id":"https:\/\/bloomexperiences.ca\/en\/privacy-policy\/#breadcrumb","itemListElement":[{"@type":"ListItem","position":1,"name":"Accueil","item":"https:\/\/bloomexperiences.ca\/en\/"},{"@type":"ListItem","position":2,"name":"Privacy policy"}]},{"@type":"WebSite","@id":"https:\/\/bloomexperiences.ca\/en\/#website","url":"https:\/\/bloomexperiences.ca\/en\/","name":"Bloom Exp\u00e9riences","description":"","publisher":{"@id":"https:\/\/bloomexperiences.ca\/en\/#organization"},"potentialAction":[{"@type":"SearchAction","target":{"@type":"EntryPoint","urlTemplate":"https:\/\/bloomexperiences.ca\/en\/?s={search_term_string}"},"query-input":{"@type":"PropertyValueSpecification","valueRequired":true,"valueName":"search_term_string"}}],"inLanguage":"en-US"},{"@type":"Organization","@id":"https:\/\/bloomexperiences.ca\/en\/#organization","name":"Bloom Experiences","url":"https:\/\/bloomexperiences.ca\/en\/","logo":{"@type":"ImageObject","inLanguage":"en-US","@id":"https:\/\/bloomexperiences.ca\/en\/#\/schema\/logo\/image\/","url":"https:\/\/bloomexperiences.ca\/wp-content\/uploads\/2021\/06\/logo-bloom-experiences-massage-yoga-retraire-virtuel-noir.png","contentUrl":"https:\/\/bloomexperiences.ca\/wp-content\/uploads\/2021\/06\/logo-bloom-experiences-massage-yoga-retraire-virtuel-noir.png","width":351,"height":144,"caption":"Bloom Experiences"},"image":{"@id":"https:\/\/bloomexperiences.ca\/en\/#\/schema\/logo\/image\/"},"sameAs":["https:\/\/www.facebook.com\/bloomexperiences","https:\/\/www.instagram.com\/bloomexperiencesiles\/"]}]}},"_links":{"self":[{"href":"https:\/\/bloomexperiences.ca\/en\/wp-json\/wp\/v2\/pages\/674","targetHints":{"allow":["GET"]}}],"collection":[{"href":"https:\/\/bloomexperiences.ca\/en\/wp-json\/wp\/v2\/pages"}],"about":[{"href":"https:\/\/bloomexperiences.ca\/en\/wp-json\/wp\/v2\/types\/page"}],"author":[{"embeddable":true,"href":"https:\/\/bloomexperiences.ca\/en\/wp-json\/wp\/v2\/users\/2"}],"replies":[{"embeddable":true,"href":"https:\/\/bloomexperiences.ca\/en\/wp-json\/wp\/v2\/comments?post=674"}],"version-history":[{"count":5,"href":"https:\/\/bloomexperiences.ca\/en\/wp-json\/wp\/v2\/pages\/674\/revisions"}],"predecessor-version":[{"id":699,"href":"https:\/\/bloomexperiences.ca\/en\/wp-json\/wp\/v2\/pages\/674\/revisions\/699"}],"wp:attachment":[{"href":"https:\/\/bloomexperiences.ca\/en\/wp-json\/wp\/v2\/media?parent=674"}],"curies":[{"name":"wp","href":"https:\/\/api.w.org\/{rel}","templated":true}]}}